{"id":61,"date":"2023-01-10T01:55:15","date_gmt":"2023-01-10T04:55:15","guid":{"rendered":"https:\/\/makzla.cl\/?post_type=product&#038;p=61"},"modified":"2026-02-22T14:49:59","modified_gmt":"2026-02-22T17:49:59","slug":"grito-autista-2","status":"publish","type":"product","link":"https:\/\/makzla.cl\/index.php\/producto\/grito-autista-2\/","title":{"rendered":"Grito autista 2 (f\u00edsico)"},"content":{"rendered":"<p><strong><span class=\"a-text-bold\">***EL LIBRO QUE DEBES LEER PARA ENTENDER QU\u00c9 SIENTEN LAS PERSONAS AUTISTAS**<\/span><\/strong><\/p>\n<p><strong><span class=\"a-text-bold\">*Poes\u00eda en verso libre*<\/span><\/strong><\/p>\n<p>\u00bfQu\u00e9 hay por detr\u00e1s de la mirada de un autista? \u00bfQu\u00e9 se esconde en las paredes de nuestro coraz\u00f3n? No todos somos iguales, y en este segundo grito encontrar\u00e1s entre mis versos un pedazo mucho m\u00e1s personal de mi interior. Se podr\u00eda decir que escribirlo fue parte de mi terapia personal, el \u00fanico modo que siempre conoc\u00ed para llorar y sanarme.<\/p>\n<p><strong><span class=\"a-text-bold\">Leer un libro sobre el autismo escrito por una escritora autista es la mejor manera de conocer la realidad vista desde dentro del espectro autista.<\/span><\/strong><\/p>\n<p><strong><span class=\"a-text-bold\">Los lectores de todo el mundo han dicho sobre Grito autista\u2026<\/span><\/strong><\/p>\n<ul>\n<li><em>\u201cJulieta Ax en este texto no intenta ser sublime, no intenta ser innovadora, no intenta ir al sur de la poes\u00eda, simplemente lo logra. Estamos frente a una autora con sensibilidad abismal. Como su t\u00edtulo lo dice, este poemario es un grito, pero no uno molesto, m\u00e1s bien es un grito sin ruido, que suena a poes\u00eda.\u201d<\/em><\/li>\n<li><em>\u201cGracias. Tus poemas fueron como un abrazo para calmar todo lo que siento.\u201d<\/em><\/li>\n<\/ul>\n","protected":false},"excerpt":{"rendered":"<p>***EL LIBRO QUE DEBES LEER PARA ENTENDER QU\u00c9 SIENTEN LAS PERSONAS AUTISTAS** *Poes\u00eda en verso libre* \u00bfQu\u00e9 hay por detr\u00e1s de la mirada de un autista? \u00bfQu\u00e9 se esconde en las paredes de nuestro coraz\u00f3n? No todos somos iguales, y en este segundo grito encontrar\u00e1s entre mis versos un pedazo mucho m\u00e1s personal de mi [&hellip;]<\/p>\n","protected":false},"featured_media":1767,"comment_status":"open","ping_status":"closed","template":"","meta":[],"product_brand":[],"product_cat":[20,25,19],"product_tag":[],"class_list":{"0":"post-61","1":"product","2":"type-product","3":"status-publish","4":"has-post-thumbnail","6":"product_cat-autismo","7":"product_cat-fisico","8":"product_cat-poesia","10":"first","11":"instock","12":"shipping-taxable","13":"purchasable","14":"product-type-simple"},"_links":{"self":[{"href":"https:\/\/makzla.cl\/index.php\/wp-json\/wp\/v2\/product\/61","targetHints":{"allow":["GET"]}}],"collection":[{"href":"https:\/\/makzla.cl\/index.php\/wp-json\/wp\/v2\/product"}],"about":[{"href":"https:\/\/makzla.cl\/index.php\/wp-json\/wp\/v2\/types\/product"}],"replies":[{"embeddable":true,"href":"https:\/\/makzla.cl\/index.php\/wp-json\/wp\/v2\/comments?post=61"}],"version-history":[{"count":1,"href":"https:\/\/makzla.cl\/index.php\/wp-json\/wp\/v2\/product\/61\/revisions"}],"predecessor-version":[{"id":1639,"href":"https:\/\/makzla.cl\/index.php\/wp-json\/wp\/v2\/product\/61\/revisions\/1639"}],"wp:featuredmedia":[{"embeddable":true,"href":"https:\/\/makzla.cl\/index.php\/wp-json\/wp\/v2\/media\/1767"}],"wp:attachment":[{"href":"https:\/\/makzla.cl\/index.php\/wp-json\/wp\/v2\/media?parent=61"}],"wp:term":[{"taxonomy":"product_brand","embeddable":true,"href":"https:\/\/makzla.cl\/index.php\/wp-json\/wp\/v2\/product_brand?post=61"},{"taxonomy":"product_cat","embeddable":true,"href":"https:\/\/makzla.cl\/index.php\/wp-json\/wp\/v2\/product_cat?post=61"},{"taxonomy":"product_tag","embeddable":true,"href":"https:\/\/makzla.cl\/index.php\/wp-json\/wp\/v2\/product_tag?post=61"}],"curies":[{"name":"wp","href":"https:\/\/api.w.org\/{rel}","templated":true}]}}