{"id":57,"date":"2023-01-10T01:55:20","date_gmt":"2023-01-10T04:55:20","guid":{"rendered":"https:\/\/makzla.cl\/?post_type=product&#038;p=57"},"modified":"2026-02-12T11:06:18","modified_gmt":"2026-02-12T14:06:18","slug":"grito-autista","status":"publish","type":"product","link":"https:\/\/makzla.cl\/index.php\/producto\/grito-autista\/","title":{"rendered":"Grito autista (f\u00edsico)"},"content":{"rendered":"<p><strong><span class=\"a-text-bold\">***EL LIBRO QUE DEBES LEER PARA ENTENDER QU\u00c9 SIENTEN LAS PERSONAS CON AUTISMO***<\/span><\/strong><\/p>\n<p><strong><span class=\"a-text-bold\">*Poes\u00eda en verso libre*<\/span><\/strong><\/p>\n<p>\u00bfYa te preguntaste cu\u00e1les son las principales caracter\u00edsticas de la mayor\u00eda de las personas con autismo? Por medio de los versos de este libro podr\u00e1s entender qu\u00e9 es lo que sienten cuando se callan. Los sentimientos pintados en cada poema son totalmente reales y salen desde lo m\u00e1s profundo de la escritora.<\/p>\n<p><strong><span class=\"a-text-bold\">Leer un libro sobre el autismo escrito por una escritora con autismo es la mejor manera de conocer la realidad vista desde dentro del espectro autista.<\/span><\/strong><\/p>\n<ul>\n<li><span class=\"a-text-bold\">Ganador del Premio Caballero de Plata 2019 en wattpad<\/span><\/li>\n<li><span class=\"a-text-bold\">Ganador del Booklatinos 2019 en Poes\u00eda en wattpad<\/span><\/li>\n<\/ul>\n<p><strong><span class=\"a-text-bold\">Los lectores de todo el mundo han dicho\u2026<\/span><\/strong><\/p>\n<ul>\n<li><em>\u201cJulieta Ax en este texto no intenta ser sublime, no intenta ser innovadora, no intenta ir al sur de la poes\u00eda, simplemente lo logra. Estamos frente a una autora con sensibilidad abismal. Como su t\u00edtulo lo dice, este poemario es un grito, pero no uno molesto, m\u00e1s bien es un grito sin ruido, que suena a poes\u00eda.\u201d<\/em><\/li>\n<li><em>\u201cGracias. Tus poemas fueron como un abrazo para calmar todo lo que siento.\u201d<\/em><\/li>\n<\/ul>\n","protected":false},"excerpt":{"rendered":"<p>***EL LIBRO QUE DEBES LEER PARA ENTENDER QU\u00c9 SIENTEN LAS PERSONAS CON AUTISMO*** *Poes\u00eda en verso libre* \u00bfYa te preguntaste cu\u00e1les son las principales caracter\u00edsticas de la mayor\u00eda de las personas con autismo? Por medio de los versos de este libro podr\u00e1s entender qu\u00e9 es lo que sienten cuando se callan. Los sentimientos pintados en [&hellip;]<\/p>\n","protected":false},"featured_media":207,"comment_status":"open","ping_status":"closed","template":"","meta":[],"product_brand":[],"product_cat":[20,25],"product_tag":[],"class_list":{"0":"post-57","1":"product","2":"type-product","3":"status-publish","4":"has-post-thumbnail","6":"product_cat-autismo","7":"product_cat-fisico","9":"first","10":"instock","11":"sale","12":"shipping-taxable","13":"purchasable","14":"product-type-simple"},"_links":{"self":[{"href":"https:\/\/makzla.cl\/index.php\/wp-json\/wp\/v2\/product\/57","targetHints":{"allow":["GET"]}}],"collection":[{"href":"https:\/\/makzla.cl\/index.php\/wp-json\/wp\/v2\/product"}],"about":[{"href":"https:\/\/makzla.cl\/index.php\/wp-json\/wp\/v2\/types\/product"}],"replies":[{"embeddable":true,"href":"https:\/\/makzla.cl\/index.php\/wp-json\/wp\/v2\/comments?post=57"}],"version-history":[{"count":1,"href":"https:\/\/makzla.cl\/index.php\/wp-json\/wp\/v2\/product\/57\/revisions"}],"predecessor-version":[{"id":1432,"href":"https:\/\/makzla.cl\/index.php\/wp-json\/wp\/v2\/product\/57\/revisions\/1432"}],"wp:featuredmedia":[{"embeddable":true,"href":"https:\/\/makzla.cl\/index.php\/wp-json\/wp\/v2\/media\/207"}],"wp:attachment":[{"href":"https:\/\/makzla.cl\/index.php\/wp-json\/wp\/v2\/media?parent=57"}],"wp:term":[{"taxonomy":"product_brand","embeddable":true,"href":"https:\/\/makzla.cl\/index.php\/wp-json\/wp\/v2\/product_brand?post=57"},{"taxonomy":"product_cat","embeddable":true,"href":"https:\/\/makzla.cl\/index.php\/wp-json\/wp\/v2\/product_cat?post=57"},{"taxonomy":"product_tag","embeddable":true,"href":"https:\/\/makzla.cl\/index.php\/wp-json\/wp\/v2\/product_tag?post=57"}],"curies":[{"name":"wp","href":"https:\/\/api.w.org\/{rel}","templated":true}]}}