{"id":1760,"date":"2026-01-20T23:17:46","date_gmt":"2026-01-21T02:17:46","guid":{"rendered":"https:\/\/makzla.cl\/?post_type=product&#038;p=1760"},"modified":"2026-05-03T22:49:26","modified_gmt":"2026-05-04T02:49:26","slug":"julieta-en-su-planeta-recuerdos-emociones-y-vivencias-de-una-nina-autista-fisico-formato","status":"publish","type":"product","link":"https:\/\/makzla.cl\/index.php\/producto\/julieta-en-su-planeta-recuerdos-emociones-y-vivencias-de-una-nina-autista-fisico-formato\/","title":{"rendered":"JULIETA EN SU PLANETA. Recuerdos, emociones y vivencias de una ni\u00f1a autista"},"content":{"rendered":"<p>Desde peque\u00f1a, Julieta sinti\u00f3 que la Tierra no siempre era un lugar f\u00e1cil de habitar. Pero en su mente exist\u00edan otros planetas donde encontraba paz y comprensi\u00f3n. A trav\u00e9s de estas p\u00e1ginas, seremos testigos de su b\u00fasqueda por conectar con quienes la rodean y de su aprendizaje para equilibrar su mundo interior con la realidad que la espera afuera.\u00a0<em>Julieta en su planeta<\/em>\u00a0abre una puerta al coraz\u00f3n y a la mente de una persona autista, revel\u00e1ndonos sus desaf\u00edos, sus alegr\u00edas y su manera \u00fanica de ver el mundo. Un relato honesto y conmovedor que no solo sensibiliza, sino que tambi\u00e9n ense\u00f1a a comprender y a valorar la diversidad, promoviendo una sociedad m\u00e1s emp\u00e1tica e inclusiva.<\/p>\n<p><strong>TAPA DURA<\/strong><br \/>\n<strong>FORMATO:<\/strong>\u00a017 X 24 cms.<br \/>\n<strong>P\u00c1GINAS:<\/strong>\u00a072<\/p>\n","protected":false},"excerpt":{"rendered":"<p>Desde peque\u00f1a, Julieta sinti\u00f3 que la Tierra no siempre era un lugar f\u00e1cil de habitar. Pero en su mente exist\u00edan otros planetas donde encontraba paz y comprensi\u00f3n. A trav\u00e9s de estas p\u00e1ginas, seremos testigos de su b\u00fasqueda por conectar con quienes la rodean y de su aprendizaje para equilibrar su mundo interior con la realidad [&hellip;]<\/p>\n","protected":false},"featured_media":1761,"comment_status":"open","ping_status":"closed","template":"","meta":[],"product_brand":[],"product_cat":[20,21,25,19],"product_tag":[],"class_list":{"0":"post-1760","1":"product","2":"type-product","3":"status-publish","4":"has-post-thumbnail","6":"product_cat-autismo","7":"product_cat-cuentos","8":"product_cat-fisico","9":"product_cat-poesia","11":"first","12":"instock","13":"sale","14":"featured","15":"shipping-taxable","16":"purchasable","17":"product-type-simple"},"_links":{"self":[{"href":"https:\/\/makzla.cl\/index.php\/wp-json\/wp\/v2\/product\/1760","targetHints":{"allow":["GET"]}}],"collection":[{"href":"https:\/\/makzla.cl\/index.php\/wp-json\/wp\/v2\/product"}],"about":[{"href":"https:\/\/makzla.cl\/index.php\/wp-json\/wp\/v2\/types\/product"}],"replies":[{"embeddable":true,"href":"https:\/\/makzla.cl\/index.php\/wp-json\/wp\/v2\/comments?post=1760"}],"version-history":[{"count":2,"href":"https:\/\/makzla.cl\/index.php\/wp-json\/wp\/v2\/product\/1760\/revisions"}],"predecessor-version":[{"id":1784,"href":"https:\/\/makzla.cl\/index.php\/wp-json\/wp\/v2\/product\/1760\/revisions\/1784"}],"wp:featuredmedia":[{"embeddable":true,"href":"https:\/\/makzla.cl\/index.php\/wp-json\/wp\/v2\/media\/1761"}],"wp:attachment":[{"href":"https:\/\/makzla.cl\/index.php\/wp-json\/wp\/v2\/media?parent=1760"}],"wp:term":[{"taxonomy":"product_brand","embeddable":true,"href":"https:\/\/makzla.cl\/index.php\/wp-json\/wp\/v2\/product_brand?post=1760"},{"taxonomy":"product_cat","embeddable":true,"href":"https:\/\/makzla.cl\/index.php\/wp-json\/wp\/v2\/product_cat?post=1760"},{"taxonomy":"product_tag","embeddable":true,"href":"https:\/\/makzla.cl\/index.php\/wp-json\/wp\/v2\/product_tag?post=1760"}],"curies":[{"name":"wp","href":"https:\/\/api.w.org\/{rel}","templated":true}]}}