{"id":1726,"date":"2025-11-05T23:37:44","date_gmt":"2025-11-06T02:37:44","guid":{"rendered":"https:\/\/makzla.cl\/?post_type=product&#038;p=1726"},"modified":"2025-11-10T11:51:49","modified_gmt":"2025-11-10T14:51:49","slug":"2026-100-desafios-para-atreverme","status":"publish","type":"product","link":"https:\/\/makzla.cl\/index.php\/producto\/2026-100-desafios-para-atreverme\/","title":{"rendered":"2026 \u2013 100 desaf\u00edos para atreverme"},"content":{"rendered":"<p><strong>Un set creado para motivar, acompa\u00f1ar y animar a los ni\u00f1os y ni\u00f1as a descubrir todo lo que pueden lograr.<\/strong><\/p>\n<p>Pensado especialmente para quienes ya saben leer y escribir, incluyendo a ni\u00f1os autistas, aunque puede disfrutarlo cualquier ni\u00f1o o ni\u00f1a que quiera atreverse a m\u00e1s cada d\u00eda.<\/p>\n<p>Este set incluye:<\/p>\n<p>Cartas con 100 desaf\u00edos (escritos por ambos lados)<br \/>\nUn l\u00e1piz pasta de seis colores<br \/>\nUna libreta para hacer algunos de los desaf\u00edos<br \/>\nUn llavero pop-it<br \/>\nUn sticker para marcar los desaf\u00edos completados<\/p>\n<p>Todo viene en una bolsita de regalo lista para sorprender<\/p>\n<div style=\"width: 150px;\" class=\"wp-video\"><video class=\"wp-video-shortcode\" id=\"video-1726-1\" width=\"150\" height=\"150\" loop autoplay preload=\"metadata\" controls=\"controls\"><source type=\"video\/mp4\" src=\"https:\/\/makzla.cl\/wp-content\/uploads\/2025\/11\/4925053863205012932.mp4?_=1\" \/><a href=\"https:\/\/makzla.cl\/wp-content\/uploads\/2025\/11\/4925053863205012932.mp4\">https:\/\/makzla.cl\/wp-content\/uploads\/2025\/11\/4925053863205012932.mp4<\/a><\/video><\/div>\n<div style=\"width: 150px;\" class=\"wp-video\"><video class=\"wp-video-shortcode\" id=\"video-1726-2\" width=\"150\" height=\"150\" loop autoplay preload=\"metadata\" controls=\"controls\"><source type=\"video\/mp4\" src=\"https:\/\/makzla.cl\/wp-content\/uploads\/2025\/11\/4922802063391328318.mp4?_=2\" \/><a href=\"https:\/\/makzla.cl\/wp-content\/uploads\/2025\/11\/4922802063391328318.mp4\">https:\/\/makzla.cl\/wp-content\/uploads\/2025\/11\/4922802063391328318.mp4<\/a><\/video><\/div>\n<p>*Las portadas de las libretas pueden variar. Los colores de las cartas pueden variar entre azul y rojo. Los colores del llavero pop-it puede variar.<\/p>\n","protected":false},"excerpt":{"rendered":"<p>Un set creado para motivar, acompa\u00f1ar y animar a los ni\u00f1os y ni\u00f1as a descubrir todo lo que pueden lograr. Pensado especialmente para quienes ya saben leer y escribir, incluyendo a ni\u00f1os autistas, aunque puede disfrutarlo cualquier ni\u00f1o o ni\u00f1a que quiera atreverse a m\u00e1s cada d\u00eda. Este set incluye: Cartas con 100 desaf\u00edos (escritos [&hellip;]<\/p>\n","protected":false},"featured_media":1729,"comment_status":"open","ping_status":"closed","template":"","meta":[],"product_brand":[],"product_cat":[20,21,25],"product_tag":[],"class_list":{"0":"post-1726","1":"product","2":"type-product","3":"status-publish","4":"has-post-thumbnail","6":"product_cat-autismo","7":"product_cat-cuentos","8":"product_cat-fisico","10":"first","11":"instock","12":"sale","13":"shipping-taxable","14":"purchasable","15":"product-type-simple"},"_links":{"self":[{"href":"https:\/\/makzla.cl\/index.php\/wp-json\/wp\/v2\/product\/1726","targetHints":{"allow":["GET"]}}],"collection":[{"href":"https:\/\/makzla.cl\/index.php\/wp-json\/wp\/v2\/product"}],"about":[{"href":"https:\/\/makzla.cl\/index.php\/wp-json\/wp\/v2\/types\/product"}],"replies":[{"embeddable":true,"href":"https:\/\/makzla.cl\/index.php\/wp-json\/wp\/v2\/comments?post=1726"}],"version-history":[{"count":13,"href":"https:\/\/makzla.cl\/index.php\/wp-json\/wp\/v2\/product\/1726\/revisions"}],"predecessor-version":[{"id":1744,"href":"https:\/\/makzla.cl\/index.php\/wp-json\/wp\/v2\/product\/1726\/revisions\/1744"}],"wp:featuredmedia":[{"embeddable":true,"href":"https:\/\/makzla.cl\/index.php\/wp-json\/wp\/v2\/media\/1729"}],"wp:attachment":[{"href":"https:\/\/makzla.cl\/index.php\/wp-json\/wp\/v2\/media?parent=1726"}],"wp:term":[{"taxonomy":"product_brand","embeddable":true,"href":"https:\/\/makzla.cl\/index.php\/wp-json\/wp\/v2\/product_brand?post=1726"},{"taxonomy":"product_cat","embeddable":true,"href":"https:\/\/makzla.cl\/index.php\/wp-json\/wp\/v2\/product_cat?post=1726"},{"taxonomy":"product_tag","embeddable":true,"href":"https:\/\/makzla.cl\/index.php\/wp-json\/wp\/v2\/product_tag?post=1726"}],"curies":[{"name":"wp","href":"https:\/\/api.w.org\/{rel}","templated":true}]}}