{"id":1715,"date":"2025-10-18T21:56:10","date_gmt":"2025-10-19T00:56:10","guid":{"rendered":"https:\/\/makzla.cl\/?post_type=product&#038;p=1715"},"modified":"2026-04-12T10:27:25","modified_gmt":"2026-04-12T14:27:25","slug":"un-dia-con-autismo-ilustrado-fisico","status":"publish","type":"product","link":"https:\/\/makzla.cl\/index.php\/producto\/un-dia-con-autismo-ilustrado-fisico\/","title":{"rendered":"Un d\u00eda con autismo ilustrado"},"content":{"rendered":"<p class=\"a-text-bold\"><strong><span class=\"a-text-bold\">***EL LIBRO QUE DEBES LEER PARA ENTENDER EL AUTISMO***<\/span><\/strong><\/p>\n<p class=\"a-text-bold\"><strong><span class=\"a-text-bold\">\u00bfQu\u00e9 sienten las personas con autismo?<\/span><\/strong><\/p>\n<p>\u00bfQu\u00e9 pasar\u00eda si, por un solo d\u00eda, pudieras percibir el mundo como lo hacen muchas personas autistas?<\/p>\n<p>Eso es lo que experimenta Magdalena, una profesora com\u00fan, cuando su rutina se transforma: los ruidos la abruman, la ropa incomoda, los sabores cambian y hasta las palabras se convierten en un laberinto.<\/p>\n<p>Lo que ella no sabe es que dos estudiantes autistas, cansados del bullying y de la indiferencia, han puesto en marcha un experimento secreto para que alguien viva durante 24 horas lo que ellos sienten cada d\u00eda.<\/p>\n<p>Un d\u00eda con autismo es un relato breve, profundo y necesario.<\/p>\n","protected":false},"excerpt":{"rendered":"<p>***EL LIBRO QUE DEBES LEER PARA ENTENDER EL AUTISMO*** \u00bfQu\u00e9 sienten las personas con autismo? \u00bfQu\u00e9 pasar\u00eda si, por un solo d\u00eda, pudieras percibir el mundo como lo hacen muchas personas autistas? Eso es lo que experimenta Magdalena, una profesora com\u00fan, cuando su rutina se transforma: los ruidos la abruman, la ropa incomoda, los sabores [&hellip;]<\/p>\n","protected":false},"featured_media":1716,"comment_status":"open","ping_status":"closed","template":"","meta":[],"product_brand":[],"product_cat":[20,21,25],"product_tag":[],"class_list":{"0":"post-1715","1":"product","2":"type-product","3":"status-publish","4":"has-post-thumbnail","6":"product_cat-autismo","7":"product_cat-cuentos","8":"product_cat-fisico","10":"first","11":"instock","12":"shipping-taxable","13":"purchasable","14":"product-type-simple"},"_links":{"self":[{"href":"https:\/\/makzla.cl\/index.php\/wp-json\/wp\/v2\/product\/1715","targetHints":{"allow":["GET"]}}],"collection":[{"href":"https:\/\/makzla.cl\/index.php\/wp-json\/wp\/v2\/product"}],"about":[{"href":"https:\/\/makzla.cl\/index.php\/wp-json\/wp\/v2\/types\/product"}],"replies":[{"embeddable":true,"href":"https:\/\/makzla.cl\/index.php\/wp-json\/wp\/v2\/comments?post=1715"}],"version-history":[{"count":4,"href":"https:\/\/makzla.cl\/index.php\/wp-json\/wp\/v2\/product\/1715\/revisions"}],"predecessor-version":[{"id":1785,"href":"https:\/\/makzla.cl\/index.php\/wp-json\/wp\/v2\/product\/1715\/revisions\/1785"}],"wp:featuredmedia":[{"embeddable":true,"href":"https:\/\/makzla.cl\/index.php\/wp-json\/wp\/v2\/media\/1716"}],"wp:attachment":[{"href":"https:\/\/makzla.cl\/index.php\/wp-json\/wp\/v2\/media?parent=1715"}],"wp:term":[{"taxonomy":"product_brand","embeddable":true,"href":"https:\/\/makzla.cl\/index.php\/wp-json\/wp\/v2\/product_brand?post=1715"},{"taxonomy":"product_cat","embeddable":true,"href":"https:\/\/makzla.cl\/index.php\/wp-json\/wp\/v2\/product_cat?post=1715"},{"taxonomy":"product_tag","embeddable":true,"href":"https:\/\/makzla.cl\/index.php\/wp-json\/wp\/v2\/product_tag?post=1715"}],"curies":[{"name":"wp","href":"https:\/\/api.w.org\/{rel}","templated":true}]}}