{"id":1612,"date":"2025-06-11T16:25:20","date_gmt":"2025-06-11T20:25:20","guid":{"rendered":"https:\/\/makzla.cl\/?post_type=product&#038;p=1612"},"modified":"2026-04-04T18:39:09","modified_gmt":"2026-04-04T21:39:09","slug":"no-me-mires-a-los-ojos-mirame-el-alma-20-cartas-para-papa-fisico-formato-revista","status":"publish","type":"product","link":"https:\/\/makzla.cl\/index.php\/producto\/no-me-mires-a-los-ojos-mirame-el-alma-20-cartas-para-papa-fisico-formato-revista\/","title":{"rendered":"No me mires a los ojos, \u00a1m\u00edrame el alma!: 20 cartas para pap\u00e1 (formato revista)"},"content":{"rendered":"<p><strong><span class=\"a-text-bold\">***EL LIBRO QUE DEBES LEER SI TIENES UN HIJO CON AUTISMO***<\/span><\/strong><\/p>\n<p>\u00bfQu\u00e9 se esconde por\u00a0<strong><span class=\"a-text-bold\">detr\u00e1s de la mirada<\/span><\/strong> de una persona con\u00a0<strong><span style=\"font-size: 16px;font-style: normal\">a<\/span><span class=\"a-text-bold\" style=\"font-size: 16px;font-style: normal\">utismo<\/span><\/strong><span style=\"font-size: 16px\">\u00a0<\/span><span style=\"font-size: 16px;font-style: normal;font-weight: 400\">?<\/span><span style=\"font-size: 16px\">Muchos padres alguna vez ya se hicieron esa pregunta buscando comprender a sus hijos, que no siempre tienen facilidad de expresar sus sentimientos oralmente. La historia se trata de\u00a0<\/span><strong><span class=\"a-text-bold\" style=\"font-size: 16px\">20 cartas<\/span><\/strong><span style=\"font-size: 16px\"><strong>\u00a0<\/strong>escritas en lenguaje po\u00e9tico por\u00a0<\/span><strong><span class=\"a-text-bold\" style=\"font-size: 16px\">una joven con autismo dirigidas a su pap\u00e1<\/span><span style=\"font-size: 16px\">.<\/span><\/strong><\/p>\n<p><strong><span class=\"a-text-bold\">Leer un libro sobre el autismo escrito por una escritora con autismo es la mejor manera de conocer la realidad vista desde dentro del espectro autista.<\/span><\/strong><\/p>\n<p><strong><span class=\"a-text-bold\">\u00a1L\u00e9elo ya y no te olvides de hacer una rese\u00f1a!<\/span><\/strong><\/p>\n<p><strong><span class=\"a-text-bold\">Julieta Ax<\/span>, autora de\u00a0<span class=\"a-text-bold\">Un d\u00eda con autismo y Grito autista<\/span>, ahora escribe un libro dedicado especialmente a los padres de personas autistas.<\/strong><\/p>\n<p><strong><span class=\"a-text-bold\">Los lectores de todo el mundo han dicho\u2026<\/span><\/strong><\/p>\n<ul>\n<li style=\"list-style-type: none\">\n<ul>\n<li style=\"text-align: left\"><em>\u201cEmpec\u00e9 a leer el libro una noche, pensaba leer la primera carta e irme a dormir y dejar las dem\u00e1s para los d\u00edas siguientes, pero no pude parar. La sensaci\u00f3n al leerlo era estar escuchando detenidamente a mi hijo, fue incre\u00edble, sent\u00ed que era \u00e9l el que me hab\u00eda escrito cada una de esas cartas, me hizo pensar en situaciones, experiencias, momentos que vivimos en los que a lo mejor no fuimos capaces de definir o explicar qu\u00e9 pasaba, en los que no me dijo nada, a lo mejor por no saber expresar lo que sent\u00eda, pero estoy segura que sinti\u00f3 lo que yo le\u00ed en este libro, y no solo lo que sinti\u00f3 \u00e9l, sino que estoy segura que como describen las cartas, \u00e9l pudo percibir lo que sent\u00eda yo. Me hubiese encantado haber tenido esta maravilla en mis manos unos a\u00f1os antes, y entender mejor muchas cosas, sobre todo las emociones de mi hijo, haber respetado m\u00e1s sus diferencias y olvidarme del deber ser de la sociedad. Hoy te doy gracias Julieta por ayudarme a entender este mundo desde adentro con tu poes\u00eda y tu maravillosa forma de describirlo todo.\u00a0<span class=\"a-text-bold\"><strong>Cada madre con un hijo<\/strong> <strong>dentro del espectro autista deber\u00eda leer este libro<\/strong><\/span>, lo dice una mam\u00e1 que ha cometido errores pero que cada d\u00eda se esfuerza por aprender a conocer y respetar a su hijo que es una maravilla, y a ense\u00f1arle al mundo lo maravilloso que es lo diferente.\u201d <strong>(<span class=\"a-text-bold a-text-italic\">Andreina Hern\u00e1ndez, psicopedagoga y mam\u00e1 de un ni\u00f1o con autismo<\/span>)\u00a0<\/strong><\/em><\/li>\n<li style=\"text-align: left\"><em>\u201cJulieta no tengo palabras para agradecer por tu maravilloso regalo, el libro es una ventana para entendernos como padres, no es nada f\u00e1cil ser padres de un ni\u00f1o con autismo, pero leer tu libro me dio otra vista al autismo de ver como un hijo se puede sentir&#8230;. GRACIAS NUEVAMENTE, ya lo le\u00ed completo y llor\u00e9 con cada carta.\u201d<\/em> <strong>(<span class=\"a-text-bold a-text-italic\">@alemanrique_romero<\/span>)<\/strong><\/li>\n<\/ul>\n<\/li>\n<\/ul>\n","protected":false},"excerpt":{"rendered":"<p>***EL LIBRO QUE DEBES LEER SI TIENES UN HIJO CON AUTISMO*** \u00bfQu\u00e9 se esconde por\u00a0detr\u00e1s de la mirada de una persona con\u00a0autismo\u00a0?Muchos padres alguna vez ya se hicieron esa pregunta buscando comprender a sus hijos, que no siempre tienen facilidad de expresar sus sentimientos oralmente. La historia se trata de\u00a020 cartas\u00a0escritas en lenguaje po\u00e9tico por\u00a0una [&hellip;]<\/p>\n","protected":false},"featured_media":1613,"comment_status":"open","ping_status":"closed","template":"","meta":[],"product_brand":[],"product_cat":[20,25,19],"product_tag":[],"class_list":{"0":"post-1612","1":"product","2":"type-product","3":"status-publish","4":"has-post-thumbnail","6":"product_cat-autismo","7":"product_cat-fisico","8":"product_cat-poesia","10":"first","11":"instock","12":"sale","13":"featured","14":"shipping-taxable","15":"purchasable","16":"product-type-simple"},"_links":{"self":[{"href":"https:\/\/makzla.cl\/index.php\/wp-json\/wp\/v2\/product\/1612","targetHints":{"allow":["GET"]}}],"collection":[{"href":"https:\/\/makzla.cl\/index.php\/wp-json\/wp\/v2\/product"}],"about":[{"href":"https:\/\/makzla.cl\/index.php\/wp-json\/wp\/v2\/types\/product"}],"replies":[{"embeddable":true,"href":"https:\/\/makzla.cl\/index.php\/wp-json\/wp\/v2\/comments?post=1612"}],"version-history":[{"count":3,"href":"https:\/\/makzla.cl\/index.php\/wp-json\/wp\/v2\/product\/1612\/revisions"}],"predecessor-version":[{"id":1787,"href":"https:\/\/makzla.cl\/index.php\/wp-json\/wp\/v2\/product\/1612\/revisions\/1787"}],"wp:featuredmedia":[{"embeddable":true,"href":"https:\/\/makzla.cl\/index.php\/wp-json\/wp\/v2\/media\/1613"}],"wp:attachment":[{"href":"https:\/\/makzla.cl\/index.php\/wp-json\/wp\/v2\/media?parent=1612"}],"wp:term":[{"taxonomy":"product_brand","embeddable":true,"href":"https:\/\/makzla.cl\/index.php\/wp-json\/wp\/v2\/product_brand?post=1612"},{"taxonomy":"product_cat","embeddable":true,"href":"https:\/\/makzla.cl\/index.php\/wp-json\/wp\/v2\/product_cat?post=1612"},{"taxonomy":"product_tag","embeddable":true,"href":"https:\/\/makzla.cl\/index.php\/wp-json\/wp\/v2\/product_tag?post=1612"}],"curies":[{"name":"wp","href":"https:\/\/api.w.org\/{rel}","templated":true}]}}