{"id":12,"date":"2023-01-03T01:00:03","date_gmt":"2023-01-03T04:00:03","guid":{"rendered":"https:\/\/makzla.cl\/?post_type=product&#038;p=12"},"modified":"2026-01-21T00:04:59","modified_gmt":"2026-01-21T03:04:59","slug":"adultos-con-autismo-la-realidad","status":"publish","type":"product","link":"https:\/\/makzla.cl\/index.php\/producto\/adultos-con-autismo-la-realidad\/","title":{"rendered":"Adultos autistas: La realidad (f\u00edsico)"},"content":{"rendered":"<p><strong><span class=\"a-text-bold\">***EL LIBRO QUE DEBES LEER PARA ENTENDER EL AUTISMO***<\/span><\/strong><\/p>\n<p><strong><span class=\"a-text-bold\">\u00bfQu\u00e9 sienten las personas con autismo?<\/span><\/strong><\/p>\n<p>Mientras todos se concentran en ayudar y diagnosticar a ni\u00f1os con autismo, se olvidan de los adultos que estuvieron toda la vida sin un diagn\u00f3stico correcto. Por detr\u00e1s de la mayor\u00eda de los ni\u00f1os con autismo, est\u00e1n padres, t\u00edos o abuelos con autismo. Aqu\u00ed podr\u00e1n leer entrevistas a adultos con autismo y la idea es que sus respuestas sean de ayuda tanto para personas que tengan autismo, como a los padres de ellos, que por hoy tienen muchas preguntas sobre c\u00f3mo ser\u00e1 el futuro de sus hijos y los profesionales que quieren conocer m\u00e1s de cerca este mundo derribando todos los mitos existentes. Ver\u00e1n en las entrevistas que cada persona con autismo es diferente. En total son 27 entrevistados de ocho pa\u00edses, con edades entre 18 y 58 a\u00f1os. Que nuestro testimonio sea la respuesta a sus preguntas o sirva para mostrar c\u00f3mo otros est\u00e1n pasando lo mismo que usted. \u00a1No est\u00e1 solo!<\/p>\n<p><strong><span class=\"a-text-bold\">Leer un libro sobre el autismo escrito por una escritora con autismo es la mejor manera de conocer la realidad vista desde dentro del espectro autista.<\/span><\/strong><\/p>\n<p><strong><span class=\"a-text-bold\">Los lectores de todo el mundo han dicho sobre sus libros\u2026<\/span><\/strong><\/p>\n<ul>\n<li><em>\u201cPodr\u00eda llenar cientos de hojas escritas elogiando tu escrito, pero \u00fanicamente una sola frase definir\u00eda lo que he sentido al leer este libro\u2026 Obra maestra, imprescindible en todas las escuelas.\u201d<\/em><\/li>\n<li><em>\u201cEmocionante. Simplemente, emocionante. Tremenda escritora, Julieta.\u201d<\/em><\/li>\n<li><em>\u201cMuch\u00edsimas gracias por escribir este libro que me zamp\u00e9 hace nada y, aunque no haya dejado constancia a medida que iba leyendo, d\u00e9jame decirte que nuevamente has superado mis expectativas. Creo que libros as\u00ed son muy necesarios. Nos dan una bofetada de realidad\u00bb<\/em><\/li>\n<\/ul>\n","protected":false},"excerpt":{"rendered":"<p>***EL LIBRO QUE DEBES LEER PARA ENTENDER EL AUTISMO*** \u00bfQu\u00e9 sienten las personas con autismo? Mientras todos se concentran en ayudar y diagnosticar a ni\u00f1os con autismo, se olvidan de los adultos que estuvieron toda la vida sin un diagn\u00f3stico correcto. Por detr\u00e1s de la mayor\u00eda de los ni\u00f1os con autismo, est\u00e1n padres, t\u00edos o [&hellip;]<\/p>\n","protected":false},"featured_media":1768,"comment_status":"open","ping_status":"closed","template":"","meta":[],"product_brand":[],"product_cat":[20,25],"product_tag":[],"class_list":{"0":"post-12","1":"product","2":"type-product","3":"status-publish","4":"has-post-thumbnail","6":"product_cat-autismo","7":"product_cat-fisico","9":"first","10":"outofstock","11":"sale","12":"shipping-taxable","13":"purchasable","14":"product-type-simple"},"_links":{"self":[{"href":"https:\/\/makzla.cl\/index.php\/wp-json\/wp\/v2\/product\/12","targetHints":{"allow":["GET"]}}],"collection":[{"href":"https:\/\/makzla.cl\/index.php\/wp-json\/wp\/v2\/product"}],"about":[{"href":"https:\/\/makzla.cl\/index.php\/wp-json\/wp\/v2\/types\/product"}],"replies":[{"embeddable":true,"href":"https:\/\/makzla.cl\/index.php\/wp-json\/wp\/v2\/comments?post=12"}],"version-history":[{"count":2,"href":"https:\/\/makzla.cl\/index.php\/wp-json\/wp\/v2\/product\/12\/revisions"}],"predecessor-version":[{"id":1666,"href":"https:\/\/makzla.cl\/index.php\/wp-json\/wp\/v2\/product\/12\/revisions\/1666"}],"wp:featuredmedia":[{"embeddable":true,"href":"https:\/\/makzla.cl\/index.php\/wp-json\/wp\/v2\/media\/1768"}],"wp:attachment":[{"href":"https:\/\/makzla.cl\/index.php\/wp-json\/wp\/v2\/media?parent=12"}],"wp:term":[{"taxonomy":"product_brand","embeddable":true,"href":"https:\/\/makzla.cl\/index.php\/wp-json\/wp\/v2\/product_brand?post=12"},{"taxonomy":"product_cat","embeddable":true,"href":"https:\/\/makzla.cl\/index.php\/wp-json\/wp\/v2\/product_cat?post=12"},{"taxonomy":"product_tag","embeddable":true,"href":"https:\/\/makzla.cl\/index.php\/wp-json\/wp\/v2\/product_tag?post=12"}],"curies":[{"name":"wp","href":"https:\/\/api.w.org\/{rel}","templated":true}]}}