{"id":1694,"date":"2025-10-18T21:28:24","date_gmt":"2025-10-19T00:28:24","guid":{"rendered":"https:\/\/makzla.cl\/?page_id=1694"},"modified":"2025-10-18T21:39:44","modified_gmt":"2025-10-19T00:39:44","slug":"charlas","status":"publish","type":"page","link":"https:\/\/makzla.cl\/index.php\/charlas\/","title":{"rendered":"Charlas"},"content":{"rendered":"\t\t<div data-elementor-type=\"wp-page\" data-elementor-id=\"1694\" class=\"elementor elementor-1694\" data-elementor-post-type=\"page\">\n\t\t\t\t\t\t<section class=\"elementor-section elementor-top-section elementor-element elementor-element-f59affa elementor-section-boxed elementor-section-height-default elementor-section-height-default\" data-id=\"f59affa\" data-element_type=\"section\" data-e-type=\"section\">\n\t\t\t\t\t\t<div class=\"elementor-container elementor-column-gap-default\">\n\t\t\t\t\t<div class=\"elementor-column elementor-col-100 elementor-top-column elementor-element elementor-element-3afe6d1\" data-id=\"3afe6d1\" data-element_type=\"column\" data-e-type=\"column\">\n\t\t\t<div class=\"elementor-widget-wrap elementor-element-populated\">\n\t\t\t\t\t\t<div class=\"elementor-element elementor-element-6630ca8 elementor-widget elementor-widget-heading\" data-id=\"6630ca8\" data-element_type=\"widget\" data-e-type=\"widget\" data-widget_type=\"heading.default\">\n\t\t\t\t<div class=\"elementor-widget-container\">\n\t\t\t\t\t<h2 class=\"elementor-heading-title elementor-size-default\">Charlas<\/h2>\t\t\t\t<\/div>\n\t\t\t\t<\/div>\n\t\t\t\t\t<\/div>\n\t\t<\/div>\n\t\t\t\t\t<\/div>\n\t\t<\/section>\n\t\t\t\t<section class=\"elementor-section elementor-top-section elementor-element elementor-element-fe5b205 elementor-section-boxed elementor-section-height-default elementor-section-height-default\" data-id=\"fe5b205\" data-element_type=\"section\" data-e-type=\"section\">\n\t\t\t\t\t\t<div class=\"elementor-container elementor-column-gap-default\">\n\t\t\t\t\t<div class=\"elementor-column elementor-col-100 elementor-top-column elementor-element elementor-element-de75c31\" data-id=\"de75c31\" data-element_type=\"column\" data-e-type=\"column\">\n\t\t\t<div class=\"elementor-widget-wrap elementor-element-populated\">\n\t\t\t\t\t\t<div class=\"elementor-element elementor-element-13654b1 elementor-widget elementor-widget-image\" data-id=\"13654b1\" data-element_type=\"widget\" data-e-type=\"widget\" data-widget_type=\"image.default\">\n\t\t\t\t<div class=\"elementor-widget-container\">\n\t\t\t\t\t\t\t\t\t\t\t\t\t\t\t<img fetchpriority=\"high\" decoding=\"async\" width=\"980\" height=\"653\" src=\"https:\/\/makzla.cl\/wp-content\/uploads\/2025\/10\/5154795693007375140_121-1024x682.jpg\" class=\"attachment-large size-large wp-image-1696\" alt=\"\" srcset=\"https:\/\/makzla.cl\/wp-content\/uploads\/2025\/10\/5154795693007375140_121-1024x682.jpg 1024w, https:\/\/makzla.cl\/wp-content\/uploads\/2025\/10\/5154795693007375140_121-300x200.jpg 300w, https:\/\/makzla.cl\/wp-content\/uploads\/2025\/10\/5154795693007375140_121-768x512.jpg 768w, https:\/\/makzla.cl\/wp-content\/uploads\/2025\/10\/5154795693007375140_121.jpg 1280w\" sizes=\"(max-width: 980px) 100vw, 980px\" \/>\t\t\t\t\t\t\t\t\t\t\t\t\t\t\t<\/div>\n\t\t\t\t<\/div>\n\t\t\t\t\t<\/div>\n\t\t<\/div>\n\t\t\t\t\t<\/div>\n\t\t<\/section>\n\t\t\t\t<section class=\"elementor-section elementor-top-section elementor-element elementor-element-e547ed0 elementor-section-boxed elementor-section-height-default elementor-section-height-default\" data-id=\"e547ed0\" data-element_type=\"section\" data-e-type=\"section\">\n\t\t\t\t\t\t<div class=\"elementor-container elementor-column-gap-default\">\n\t\t\t\t\t<div class=\"elementor-column elementor-col-100 elementor-top-column elementor-element elementor-element-ad7b24f\" data-id=\"ad7b24f\" data-element_type=\"column\" data-e-type=\"column\">\n\t\t\t<div class=\"elementor-widget-wrap elementor-element-populated\">\n\t\t\t\t\t\t<div class=\"elementor-element elementor-element-947d1fb elementor-widget elementor-widget-text-editor\" data-id=\"947d1fb\" data-element_type=\"widget\" data-e-type=\"widget\" data-widget_type=\"text-editor.default\">\n\t\t\t\t<div class=\"elementor-widget-container\">\n\t\t\t\t\t\t\t\t\t<p>Julieta Ax ofrece charlas sobre autismo e inclusi\u00f3n dirigidas a empresas, instituciones educativas y organizaciones interesadas en comprender mejor la neurodiversidad desde una mirada humana y vivencial.<\/p><p>Sus presentaciones combinan experiencia personal y contenido educativo, abordando temas como los desaf\u00edos y fortalezas del autismo en la vida cotidiana, el entorno laboral y el \u00e1mbito educativo. Cada charla se adapta al p\u00fablico y busca generar empat\u00eda, reflexi\u00f3n y herramientas pr\u00e1cticas para construir espacios m\u00e1s inclusivos.<\/p><p>Julieta ha realizado charlas para universidades, centros educativos y empresas, destac\u00e1ndose por su cercan\u00eda y su manera clara y emotiva de comunicar.<\/p><p>\ud83d\udce9 \u00bfTe gustar\u00eda contar con una charla en tu instituci\u00f3n o empresa?<br \/>Puedes solicitar m\u00e1s informaci\u00f3n o coordinar una presentaci\u00f3n escribiendo a:<br \/>contacto@makzla.cl<\/p>\t\t\t\t\t\t\t\t<\/div>\n\t\t\t\t<\/div>\n\t\t\t\t\t<\/div>\n\t\t<\/div>\n\t\t\t\t\t<\/div>\n\t\t<\/section>\n\t\t\t\t<\/div>\n\t\t","protected":false},"excerpt":{"rendered":"<p>Charlas Julieta Ax ofrece charlas sobre autismo e inclusi\u00f3n dirigidas a empresas, instituciones educativas y organizaciones interesadas en comprender mejor la neurodiversidad desde una mirada humana y vivencial. Sus presentaciones combinan experiencia personal y contenido educativo, abordando temas como los desaf\u00edos y fortalezas del autismo en la vida cotidiana, el entorno laboral y el \u00e1mbito [&hellip;]<\/p>\n","protected":false},"author":1,"featured_media":0,"parent":0,"menu_order":0,"comment_status":"closed","ping_status":"closed","template":"","meta":{"footnotes":""},"class_list":["post-1694","page","type-page","status-publish","hentry"],"_links":{"self":[{"href":"https:\/\/makzla.cl\/index.php\/wp-json\/wp\/v2\/pages\/1694","targetHints":{"allow":["GET"]}}],"collection":[{"href":"https:\/\/makzla.cl\/index.php\/wp-json\/wp\/v2\/pages"}],"about":[{"href":"https:\/\/makzla.cl\/index.php\/wp-json\/wp\/v2\/types\/page"}],"author":[{"embeddable":true,"href":"https:\/\/makzla.cl\/index.php\/wp-json\/wp\/v2\/users\/1"}],"replies":[{"embeddable":true,"href":"https:\/\/makzla.cl\/index.php\/wp-json\/wp\/v2\/comments?post=1694"}],"version-history":[{"count":10,"href":"https:\/\/makzla.cl\/index.php\/wp-json\/wp\/v2\/pages\/1694\/revisions"}],"predecessor-version":[{"id":1711,"href":"https:\/\/makzla.cl\/index.php\/wp-json\/wp\/v2\/pages\/1694\/revisions\/1711"}],"wp:attachment":[{"href":"https:\/\/makzla.cl\/index.php\/wp-json\/wp\/v2\/media?parent=1694"}],"curies":[{"name":"wp","href":"https:\/\/api.w.org\/{rel}","templated":true}]}}